{"id":24,"date":"2015-05-03T15:06:21","date_gmt":"2015-05-03T15:06:21","guid":{"rendered":"http:\/\/chesi-rothenfluh.ch\/web\/?page_id=24"},"modified":"2015-08-31T19:26:43","modified_gmt":"2015-08-31T19:26:43","slug":"leitbild","status":"publish","type":"page","link":"https:\/\/chesi-rothenfluh.ch\/web\/genossenschaft\/leitbild\/","title":{"rendered":"Leitbild"},"content":{"rendered":"<div class=\"wpb-content-wrapper\"><p>[vc_row][vc_column][vc_column_text]<\/p>\n<h2>Leitbild<\/h2>\n<p>[\/vc_column_text][\/vc_column][\/vc_row][vc_row][vc_column width=&#8220;1\/1&#8243;][vc_separator type=&#8220;normal&#8220; position=&#8220;center&#8220; down=&#8220;32&#8243;][\/vc_column][\/vc_row][vc_row][vc_column width=&#8220;1\/1&#8243;][vc_column_text]<strong>Nachhaltig \u2013 langfristig &#8211; kundenorientiert<\/strong><\/p>\n<p>&nbsp;<\/p>\n<p>Unser Laden wirtschaftet selbsttragend und leistet einen Beitrag zur Erhaltung der Dorfgemeinschaft.<\/p>\n<p>&nbsp;<\/p>\n<p>Ziel ist es, Neukunden zu gewinnen. Mit einem gr\u00f6sseren Kundenstamm steigt auch der Umsatz. So sichern wir den langfristigen\u00a0Bestand der Chesi.<\/p>\n<p>[vc_separator type=&#8220;normal&#8220; position=&#8220;left&#8220; color=&#8220;#5d9021&#8243; border_style=&#8220;dotted&#8220; width=&#8220;&#8220; thickness=&#8220;&#8220; up=&#8220;32&#8243; down=&#8220;32&#8243;]<\/p>\n<p><strong>Nah \u2013 frisch \u2013 nat\u00fcrlich<\/strong><\/p>\n<p>&nbsp;<\/p>\n<p>Als einziger Dorfladen garantieren wir die Grundversorgung der\u00a0Bev\u00f6lkerung von Rothenfluh. Die Preise liegen nur leicht \u00fcber dem Detailhandelspreis.<\/p>\n<p>&nbsp;<\/p>\n<p>Unsere St\u00e4rken sind Frischprodukte, die wir aus der Region beziehen. Bevorzugt werden Rothenfl\u00fcher Lieferanten; so halten wir die Transportwege m\u00f6glichst kurz.<\/p>\n<p>&nbsp;<\/p>\n<p>Bioprodukte sind uns wichtig.<\/p>\n<p>&nbsp;<\/p>\n<p>Das ganze Sortiment wird laufend ausgebaut und den Bed\u00fcrfnissen angepasst. Einzelne Produkte haben Gourmet-Charakter.<\/p>\n<p>[vc_separator type=&#8220;normal&#8220; position=&#8220;left&#8220; color=&#8220;#5d9021&#8243; border_style=&#8220;dotted&#8220; width=&#8220;&#8220; thickness=&#8220;&#8220; up=&#8220;32&#8243; down=&#8220;32&#8243;]<\/p>\n<p><strong>Pers\u00f6nlich \u2013 partnerschaftlich \u2013 fair<\/strong><\/p>\n<p>&nbsp;<\/p>\n<p>Das kompetente Personal tr\u00e4gt mit seinem pers\u00f6nlichen und herzlichen Umgang mit unseren Kundinnen und Kunden dazu bei, dass die\u00a0Chesi als sympathischer Laden im Dorf verankert ist.<\/p>\n<p>&nbsp;<\/p>\n<p>Der \u201eKaffi-Egge\u201c l\u00e4dt zu Begegnungen ein.<\/p>\n<p>&nbsp;<\/p>\n<p>Mit unseren Lieferanten pflegen wir partnerschaftliche und langfristige Gesch\u00e4ftsbeziehungen.<\/p>\n<p>[vc_separator type=&#8220;normal&#8220; position=&#8220;left&#8220; color=&#8220;#5d9021&#8243; border_style=&#8220;dotted&#8220; width=&#8220;&#8220; thickness=&#8220;&#8220; up=&#8220;32&#8243; down=&#8220;32&#8243;][\/vc_column_text][\/vc_column][\/vc_row][vc_row][vc_column width=&#8220;1\/1&#8243;][vc_empty_space height=&#8220;50&#8243; image_repeat=&#8220;no-repeat&#8220;][\/vc_column][\/vc_row]<\/p>\n<\/div>","protected":false},"excerpt":{"rendered":"<p>[vc_row][vc_column][vc_column_text] Leitbild [\/vc_column_text][\/vc_column][\/vc_row][vc_row][vc_column width=&#8220;1\/1&#8243;][vc_separator type=&#8220;normal&#8220; position=&#8220;center&#8220; down=&#8220;32&#8243;][\/vc_column][\/vc_row][vc_row][vc_column width=&#8220;1\/1&#8243;][vc_column_text]Nachhaltig \u2013 langfristig &#8211; kundenorientiert &nbsp; Unser Laden wirtschaftet selbsttragend und leistet einen Beitrag zur Erhaltung der Dorfgemeinschaft. &nbsp; Ziel ist es, Neukunden zu gewinnen. Mit einem gr\u00f6sseren Kundenstamm steigt auch der Umsatz. So sichern wir den langfristigen\u00a0Bestand&#8230;<\/p>\n","protected":false},"author":2,"featured_media":0,"parent":21,"menu_order":0,"comment_status":"open","ping_status":"open","template":"","meta":{"footnotes":""},"class_list":["post-24","page","type-page","status-publish","hentry"],"_links":{"self":[{"href":"https:\/\/chesi-rothenfluh.ch\/web\/wp-json\/wp\/v2\/pages\/24"}],"collection":[{"href":"https:\/\/chesi-rothenfluh.ch\/web\/wp-json\/wp\/v2\/pages"}],"about":[{"href":"https:\/\/chesi-rothenfluh.ch\/web\/wp-json\/wp\/v2\/types\/page"}],"author":[{"embeddable":true,"href":"https:\/\/chesi-rothenfluh.ch\/web\/wp-json\/wp\/v2\/users\/2"}],"replies":[{"embeddable":true,"href":"https:\/\/chesi-rothenfluh.ch\/web\/wp-json\/wp\/v2\/comments?post=24"}],"version-history":[{"count":9,"href":"https:\/\/chesi-rothenfluh.ch\/web\/wp-json\/wp\/v2\/pages\/24\/revisions"}],"predecessor-version":[{"id":322,"href":"https:\/\/chesi-rothenfluh.ch\/web\/wp-json\/wp\/v2\/pages\/24\/revisions\/322"}],"up":[{"embeddable":true,"href":"https:\/\/chesi-rothenfluh.ch\/web\/wp-json\/wp\/v2\/pages\/21"}],"wp:attachment":[{"href":"https:\/\/chesi-rothenfluh.ch\/web\/wp-json\/wp\/v2\/media?parent=24"}],"curies":[{"name":"wp","href":"https:\/\/api.w.org\/{rel}","templated":true}]}}