{"id":21,"date":"2015-05-03T15:05:52","date_gmt":"2015-05-03T15:05:52","guid":{"rendered":"http:\/\/chesi-rothenfluh.ch\/web\/?page_id=21"},"modified":"2017-03-14T21:12:08","modified_gmt":"2017-03-14T21:12:08","slug":"genossenschaft","status":"publish","type":"page","link":"https:\/\/chesi-rothenfluh.ch\/web\/genossenschaft\/","title":{"rendered":"Genossenschaft"},"content":{"rendered":"<div class=\"wpb-content-wrapper\"><p>[vc_row][vc_column width=&#8220;1\/1&#8243;][vc_column_text]<\/p>\n<h2>Die Chesi-Genossenschaft<\/h2>\n<p>[\/vc_column_text][\/vc_column][vc_column][vc_separator type=&#8220;normal&#8220; position=&#8220;center&#8220; border_style=&#8220;dotted&#8220; down=&#8220;32&#8243;][\/vc_column][\/vc_row][vc_row][vc_column][vc_column_text]\u00dcber 150 Personen sind bereits Miteigent\u00fcmer und Miteigent\u00fcmerinnen der Chesi. Als Genossenschafterinnen und Genossenschafter tragen sie den Dorfladen mit und sorgen f\u00fcr finanzielle Sicherheit in einem wirtschaftlich herausfordernden Umfeld.<\/p>\n<h2><\/h2>\n<p>[\/vc_column_text][\/vc_column][\/vc_row][vc_row][vc_column width=&#8220;1\/1&#8243;][vc_separator type=&#8220;normal&#8220; position=&#8220;center&#8220; border_style=&#8220;dotted&#8220; up=&#8220;32&#8243; down=&#8220;32&#8243;][\/vc_column][\/vc_row][vc_row][vc_column width=&#8220;1\/1&#8243;][vc_column_text]<\/p>\n<h2>Werden auch Sie Teil des Dorfladens Chesi!<\/h2>\n<p>Mit der Zeichnung von Genossenschaftsanteilen bleibt unser Laden im Dorf. Auch in Zukunft. Bereits ab CHF 100.00 sind Sie mit dabei![\/vc_column_text][\/vc_column][\/vc_row][vc_row][vc_column width=&#8220;1\/1&#8243;][vc_empty_space height=&#8220;32px&#8220; image_repeat=&#8220;no-repeat&#8220;][\/vc_column][vc_column][vc_column_text]<\/p>\n<div class=\"frm_forms  with_frm_style frm_style_formidable-style\" id=\"frm_form_2_container\" >\n<form enctype=\"multipart\/form-data\" method=\"post\" class=\"frm-show-form \" id=\"form_l931et\" >\n<div class=\"frm_form_fields \">\n<fieldset>\n<legend class=\"frm_hidden\">Genossenschafter werden.<\/legend>\r\n\r\n<div class=\"frm_fields_container\">\n<input type=\"hidden\" name=\"frm_action\" value=\"create\" \/>\n<input type=\"hidden\" name=\"form_id\" value=\"2\" \/>\n<input type=\"hidden\" name=\"frm_hide_fields_2\" id=\"frm_hide_fields_2\" value=\"\" \/>\n<input type=\"hidden\" name=\"form_key\" value=\"l931et\" \/>\n<input type=\"hidden\" name=\"item_meta[0]\" value=\"\" \/>\n<input type=\"hidden\" id=\"frm_submit_entry_2\" name=\"frm_submit_entry_2\" value=\"4d32bdeda2\" \/><input type=\"hidden\" name=\"_wp_http_referer\" value=\"\/web\/wp-json\/wp\/v2\/pages\/21\" \/><div id=\"frm_field_8_container\" class=\"frm_form_field form-field  frm_none_container vertical_radio\">\r\n    <label  class=\"frm_primary_label\">Checkboxen\r\n        <span class=\"frm_required\"><\/span>\r\n    <\/label>\r\n    <div class=\"frm_opt_container\">\t\t<div class=\"frm_checkbox\" id=\"frm_checkbox_8-0\">\t\t\t<label  for=\"field_j8hvrm-0\">\n\t\t\t<input type=\"checkbox\" name=\"item_meta[8][]\" id=\"field_j8hvrm-0\" value=\"Ja, ich will Genossenschafter\/in werden.\"  data-invmsg=\"Checkboxen ist ung\u00fcltig\" aria-invalid=\"false\"   \/> Ja, ich will Genossenschafter\/in werden.<\/label><\/div>\n\t\t<div class=\"frm_checkbox\" id=\"frm_checkbox_8-1\">\t\t\t<label  for=\"field_j8hvrm-1\">\n\t\t\t<input type=\"checkbox\" name=\"item_meta[8][]\" id=\"field_j8hvrm-1\" value=\"Bitte kontaktieren Sie mich.\"  data-invmsg=\"Checkboxen ist ung\u00fcltig\" aria-invalid=\"false\"   \/> Bitte kontaktieren Sie mich.<\/label><\/div>\n<\/div>\r\n    \r\n    \r\n<\/div>\n<div id=\"frm_field_17_container\" class=\"frm_form_field form-field  frm_top_container\">\r\n    <label for=\"field_d42kv7\" class=\"frm_primary_label\">Anzahl Genossenschafts-Anteilsscheine \u00e0 CHF 100.\u2013 **\r\n        <span class=\"frm_required\"><\/span>\r\n    <\/label>\r\n    <input type=\"text\" id=\"field_d42kv7\" name=\"item_meta[17]\" value=\"\"  style=\"width:50px\" maxlength=\"4\" data-invmsg=\"Anzahl Genossenschafts-Anteilsscheine \u00e0 CHF 100.\u2013 ** ist ung\u00fcltig\" class=\"auto_width\" aria-invalid=\"false\"  \/>\r\n    \r\n    \r\n<\/div>\n<div id=\"frm_field_16_container\" class=\"frm_form_field form-field  frm_top_container\">\r\n    <label for=\"field_sshvrw\" class=\"frm_primary_label\">Firma\r\n        <span class=\"frm_required\"><\/span>\r\n    <\/label>\r\n    <input type=\"text\" id=\"field_sshvrw\" name=\"item_meta[16]\" value=\"\"  data-invmsg=\"Firma ist ung\u00fcltig\" aria-invalid=\"false\"  \/>\r\n    \r\n    \r\n<\/div>\n<div id=\"frm_field_9_container\" class=\"frm_form_field form-field  frm_required_field frm_top_container\">\r\n    <label for=\"field_o4n55q\" class=\"frm_primary_label\">Name\r\n        <span class=\"frm_required\">*<\/span>\r\n    <\/label>\r\n    <input type=\"text\" id=\"field_o4n55q\" name=\"item_meta[9]\" value=\"\"  data-reqmsg=\"Dieses Feld darf nicht leer sein.\" aria-required=\"true\" data-invmsg=\"Name ist ung\u00fcltig\" aria-invalid=\"false\"  \/>\r\n    \r\n    \r\n<\/div>\n<div id=\"frm_field_10_container\" class=\"frm_form_field form-field  frm_required_field frm_top_container\">\r\n    <label for=\"field_fwa66s\" class=\"frm_primary_label\">Vorname\r\n        <span class=\"frm_required\">*<\/span>\r\n    <\/label>\r\n    <input type=\"text\" id=\"field_fwa66s\" name=\"item_meta[10]\" value=\"\"  data-reqmsg=\"Dieses Feld darf nicht leer sein.\" aria-required=\"true\" data-invmsg=\"Vorname ist ung\u00fcltig\" aria-invalid=\"false\"  \/>\r\n    \r\n    \r\n<\/div>\n<div id=\"frm_field_11_container\" class=\"frm_form_field form-field  frm_required_field frm_top_container\">\r\n    <label for=\"field_rim0tt\" class=\"frm_primary_label\">Adresse\r\n        <span class=\"frm_required\">*<\/span>\r\n    <\/label>\r\n    <input type=\"text\" id=\"field_rim0tt\" name=\"item_meta[11]\" value=\"\"  data-reqmsg=\"Dieses Feld darf nicht leer sein.\" aria-required=\"true\" data-invmsg=\"Adresse ist ung\u00fcltig\" aria-invalid=\"false\"  \/>\r\n    \r\n    \r\n<\/div>\n<div id=\"frm_field_12_container\" class=\"frm_form_field form-field  frm_required_field frm_top_container\">\r\n    <label for=\"field_y3jzml\" class=\"frm_primary_label\">PLZ\/Ort\r\n        <span class=\"frm_required\">*<\/span>\r\n    <\/label>\r\n    <input type=\"text\" id=\"field_y3jzml\" name=\"item_meta[12]\" value=\"\"  data-reqmsg=\"Dieses Feld darf nicht leer sein.\" aria-required=\"true\" data-invmsg=\"PLZ\/Ort ist ung\u00fcltig\" aria-invalid=\"false\"  \/>\r\n    \r\n    \r\n<\/div>\n<div id=\"frm_field_13_container\" class=\"frm_form_field form-field  frm_top_container\">\r\n    <label for=\"field_e2pshr\" class=\"frm_primary_label\">Telefon\r\n        <span class=\"frm_required\"><\/span>\r\n    <\/label>\r\n    <input type=\"text\" id=\"field_e2pshr\" name=\"item_meta[13]\" value=\"\"  data-invmsg=\"Telefon ist ung\u00fcltig\" aria-invalid=\"false\"  \/>\r\n    \r\n    \r\n<\/div>\n<div id=\"frm_field_15_container\" class=\"frm_form_field form-field  frm_required_field frm_top_container\">\r\n    <label for=\"field_xc2woy\" class=\"frm_primary_label\">Email Adresse\r\n        <span class=\"frm_required\">*<\/span>\r\n    <\/label>\r\n    <input type=\"email\" id=\"field_xc2woy\" name=\"item_meta[15]\" value=\"\"  data-reqmsg=\"Dieses Feld darf nicht leer sein.\" aria-required=\"true\" data-invmsg=\"Email Adresse ist ung\u00fcltig\" aria-invalid=\"false\"  \/>\r\n    \r\n    \r\n<\/div>\n<div id=\"frm_field_34_container\" class=\"frm_form_field form-field \">\r\n\t<div class=\"frm_submit\">\r\n\r\n<input type=\"submit\" value=\"Senden\"  \/>\r\n<img decoding=\"async\" class=\"frm_ajax_loading\" src=\"https:\/\/chesi-rothenfluh.ch\/web\/wp-content\/plugins\/formidable\/images\/ajax_loader.gif\" alt=\"Wird gesendet\"\/>\r\n\r\n<\/div>\r\n<\/div>\n\t<input type=\"hidden\" name=\"item_key\" value=\"\" \/>\n\t\t\t\t<div class=\"frm__65bf44a39d014\">\n\t\t\t\t<label for=\"frm_email_2\" >\n\t\t\t\t\tFalls Du menschlich bist, lasse dieses Feld leer.\t\t\t\t<\/label>\n\t\t\t\t<input  id=\"frm_email_2\" type=\"text\" class=\"frm_verify\" name=\"frm__65bf44a39d014\" value=\"\" autocomplete=\"off\"  \/>\n\t\t\t<\/div>\n\t\t<\/div>\n<\/fieldset>\n<\/div>\n\n<\/form>\n<\/div>\n\n<p>[\/vc_column_text][vc_column_text]** Einzelmitgliedschaft: mind. 1 Anteilschein\u00a0\u00e0 CHF\u00a0100.&#8211;.<br \/>\nF\u00f6rdermitgliedschaft mind. 1\u00a0Anteilschein \u00e0 CHF\u00a05&#8217;000.&#8211;.<\/p>\n<p><a href=\"https:\/\/chesi-rothenfluh.ch\/web\/genossenschaft\/statuten\/\">Statuten (PDF)<\/a>[\/vc_column_text][\/vc_column][\/vc_row][vc_row][vc_column width=&#8220;1\/1&#8243;][vc_empty_space height=&#8220;32px&#8220; image_repeat=&#8220;no-repeat&#8220;][\/vc_column][\/vc_row]<\/p>\n<\/div>","protected":false},"excerpt":{"rendered":"<p>[vc_row][vc_column width=&#8220;1\/1&#8243;][vc_column_text] Die Chesi-Genossenschaft [\/vc_column_text][\/vc_column][vc_column][vc_separator type=&#8220;normal&#8220; position=&#8220;center&#8220; border_style=&#8220;dotted&#8220; down=&#8220;32&#8243;][\/vc_column][\/vc_row][vc_row][vc_column][vc_column_text]\u00dcber 150 Personen sind bereits Miteigent\u00fcmer und Miteigent\u00fcmerinnen der Chesi. Als Genossenschafterinnen und Genossenschafter tragen sie den Dorfladen mit und sorgen f\u00fcr finanzielle Sicherheit in einem wirtschaftlich herausfordernden Umfeld. [\/vc_column_text][\/vc_column][\/vc_row][vc_row][vc_column width=&#8220;1\/1&#8243;][vc_separator type=&#8220;normal&#8220; position=&#8220;center&#8220; border_style=&#8220;dotted&#8220; up=&#8220;32&#8243; down=&#8220;32&#8243;][\/vc_column][\/vc_row][vc_row][vc_column width=&#8220;1\/1&#8243;][vc_column_text]&#8230;<\/p>\n","protected":false},"author":2,"featured_media":0,"parent":0,"menu_order":0,"comment_status":"open","ping_status":"open","template":"","meta":{"footnotes":""},"class_list":["post-21","page","type-page","status-publish","hentry"],"_links":{"self":[{"href":"https:\/\/chesi-rothenfluh.ch\/web\/wp-json\/wp\/v2\/pages\/21"}],"collection":[{"href":"https:\/\/chesi-rothenfluh.ch\/web\/wp-json\/wp\/v2\/pages"}],"about":[{"href":"https:\/\/chesi-rothenfluh.ch\/web\/wp-json\/wp\/v2\/types\/page"}],"author":[{"embeddable":true,"href":"https:\/\/chesi-rothenfluh.ch\/web\/wp-json\/wp\/v2\/users\/2"}],"replies":[{"embeddable":true,"href":"https:\/\/chesi-rothenfluh.ch\/web\/wp-json\/wp\/v2\/comments?post=21"}],"version-history":[{"count":15,"href":"https:\/\/chesi-rothenfluh.ch\/web\/wp-json\/wp\/v2\/pages\/21\/revisions"}],"predecessor-version":[{"id":362,"href":"https:\/\/chesi-rothenfluh.ch\/web\/wp-json\/wp\/v2\/pages\/21\/revisions\/362"}],"wp:attachment":[{"href":"https:\/\/chesi-rothenfluh.ch\/web\/wp-json\/wp\/v2\/media?parent=21"}],"curies":[{"name":"wp","href":"https:\/\/api.w.org\/{rel}","templated":true}]}}