{"id":13,"date":"2015-05-03T15:04:02","date_gmt":"2015-05-03T15:04:02","guid":{"rendered":"http:\/\/chesi-rothenfluh.ch\/web\/?page_id=13"},"modified":"2023-01-02T15:01:14","modified_gmt":"2023-01-02T15:01:14","slug":"lieferanten","status":"publish","type":"page","link":"https:\/\/chesi-rothenfluh.ch\/web\/lieferanten\/","title":{"rendered":"Lieferanten"},"content":{"rendered":"<div class=\"wpb-content-wrapper\"><p>[vc_row][vc_column][vc_column_text]<\/p>\n<h2>Prima, unser Dorfladen!<\/h2>\n<p>[\/vc_column_text][\/vc_column][vc_column][vc_separator up=&#8220;0&#8243; down=&#8220;32&#8243;][\/vc_column][\/vc_row][vc_row][vc_column][vc_column_text css=&#8220;.vc_custom_1440444620369{padding-top: 0px !important;padding-right: 0px !important;padding-bottom: 0px !important;padding-left: 0px !important;}&#8220;]<\/p>\n<p>Prima, so heisst das Partnerkonzept von Volg. Die Partnerschaft erm\u00f6glicht der Chesi Rothenfluh, ihr Grundsortiment f\u00fcr den t\u00e4glichen Bedarf zu attraktiven Preisen zu beziehen. Davon profitieren Sie als Kundin und als Kunde. In der Chesi finden Sie nebst den bekannten Markenprodukten auch die g\u00fcnstigen Volg-Eigenmarken und viele Aktionen.\u00a0<a href=\"http:\/\/www.prima.ch\/\" target=\"_blank\" rel=\"noopener noreferrer\">www.prima.ch<\/a><\/p>\n<p>[\/vc_column_text][\/vc_column][\/vc_row][vc_row][vc_column][vc_separator up=&#8220;0&#8243; down=&#8220;32&#8243;][vc_column_text css=&#8220;.vc_custom_1672671672795{padding-top: 20px !important;padding-right: 20px !important;padding-bottom: 20px !important;padding-left: 20px !important;background-color: #76b82a !important;}&#8220;]<\/p>\n<h2><span style=\"color: #ffffff;\"><strong>Regional ist uns wichtig.<\/strong><\/span><\/h2>\n<p><span style=\"color: #ffffff;\">Das finden auch die Kundinnen und Kunden der Chesi.\u00a0<\/span>[\/vc_column_text][\/vc_column][vc_column][vc_empty_space][vc_column_text]<\/p>\n<h2>Regionale\u00a0Lieferanten<\/h2>\n<p>[\/vc_column_text][\/vc_column][\/vc_row][vc_row][vc_column][vc_separator up=&#8220;20&#8243; down=&#8220;20&#8243;][\/vc_column][\/vc_row][vc_row][vc_column width=&#8220;1\/4&#8243;][vc_column_text]<\/p>\n<h5>Altbachm\u00fchle Tschudi<\/h5>\n<p><span style=\"color: #5d9021;\">Mehl<\/span><br \/>\nWittnau<br \/>\n<a href=\"http:\/\/www.altbachmuehle.ch\" target=\"_blank\" rel=\"noopener noreferrer\">Link<\/a>[\/vc_column_text][\/vc_column][vc_column width=&#8220;1\/4&#8243;][vc_column_text]<\/p>\n<h5>Verena &amp; Peter Gysin<\/h5>\n<p><span style=\"color: #5d9021;\">Eier<\/span><br \/>\nZelglihof, Ormalingen[\/vc_column_text][\/vc_column][vc_column width=&#8220;1\/4&#8243;][vc_column_text]<\/p>\n<h5>Familie Betschart<\/h5>\n<p><span style=\"color: #5d9021;\">Eier<\/span><br \/>\nObermumpf[\/vc_column_text][\/vc_column][vc_column width=&#8220;1\/4&#8243;][vc_column_text]<\/p>\n<h5><span style=\"color: #333333;\">Brot und So<\/span><\/h5>\n<p><span style=\"color: #5d9021;\">Brot &amp; Backwaren<\/span><br \/>\nL\u00e4ufelfingen<br \/>\n<a href=\"https:\/\/www.brotundso.ch\/\" target=\"_blank\" rel=\"noopener noreferrer\">Link<\/a>[\/vc_column_text][\/vc_column][\/vc_row][vc_row][vc_column][vc_separator up=&#8220;20&#8243; down=&#8220;20&#8243;][\/vc_column][\/vc_row][vc_row][vc_column width=&#8220;1\/4&#8243;][vc_column_text]<\/p>\n<h5>Metzgerei Rickenbacher<\/h5>\n<p><span style=\"color: #5d9021;\">Fleisch &amp; Wurstwaren<\/span><br \/>\nOltingen<br \/>\n<a href=\"http:\/\/metzgerei-rickenbacher.ch\" target=\"_blank\" rel=\"noopener noreferrer\">Link<\/a>[\/vc_column_text][\/vc_column][vc_column width=&#8220;1\/4&#8243;][vc_column_text]<\/p>\n<h5>Buchmann Weine<\/h5>\n<p><span style=\"color: #5d9021;\">Weine<\/span><br \/>\nWittnau<br \/>\n<a href=\"http:\/\/www.buchmann-weine.ch\/\" target=\"_blank\" rel=\"noopener noreferrer\">Link<\/a>[\/vc_column_text][\/vc_column][vc_column width=&#8220;1\/4&#8243;][vc_column_text]<\/p>\n<h5>Jeanette + Daniel Niklaus<\/h5>\n<p><span style=\"color: #5d9021;\">Gem\u00fcse saisonal (Bio-Spargeln, -Zwetschgen &amp; -Heidelbeeren), Bio-Eier<\/span><br \/>\nAnwil<br \/>\n<a href=\"https:\/\/www.niklaushofladen.ch\" target=\"_blank\" rel=\"noopener noreferrer\">Link<\/a>[\/vc_column_text][\/vc_column][vc_column width=&#8220;1\/4&#8243;][vc_column_text]<\/p>\n<h5>Zeglinger Zander<br \/>\nHans &amp; Reto Rickenbacher<\/h5>\n<p><span style=\"color: #5d9021;\"><span style=\"caret-color: #5d9021;\">Zeglinger Zander<br \/>\n<\/span><\/span>Zeglingen<br \/>\n<a href=\"http:\/\/www.zeglingerzander.ch\" target=\"_blank\" rel=\"noopener noreferrer\">Link<\/a>[\/vc_column_text][\/vc_column][\/vc_row][vc_row][vc_column][vc_separator up=&#8220;20&#8243; down=&#8220;20&#8243;][\/vc_column][\/vc_row][vc_row][vc_column width=&#8220;1\/4&#8243;][vc_column_text]<\/p>\n<h5>J\u00fcrg M\u00fcller<\/h5>\n<p><span style=\"color: #5d9021;\">Honig<\/span><br \/>\nWittnau[\/vc_column_text][\/vc_column][vc_column width=&#8220;1\/4&#8243;][vc_column_text]<\/p>\n<h5>Andis Raps\u00f6l<br \/>\nAndreas Gass<\/h5>\n<p><span style=\"color: #5d9021;\">Raps\u00f6l und Linsen<\/span><br \/>\nWenslingen<br \/>\n<a href=\"http:\/\/andis-rapsoel.ch\/contact.php\" target=\"_blank\" rel=\"noopener noreferrer\">Link<\/a>[\/vc_column_text][\/vc_column][vc_column width=&#8220;1\/4&#8243;][vc_column_text]<\/p>\n<h5>Susanne Ruckstuhl<\/h5>\n<p><span style=\"color: #5d9021;\">Holzofenbrot &amp; Konfekt<\/span><br \/>\nRothenfluh[\/vc_column_text][\/vc_column][vc_column width=&#8220;1\/4&#8243;][vc_column_text]<\/p>\n<div class=\"\">\n<div class=\"\" dir=\"ltr\">\n<div class=\"\" dir=\"ltr\">\n<div class=\"\">\n<h5>Maurizio Laneri<\/h5>\n<\/div>\n<\/div>\n<\/div>\n<\/div>\n<p><span style=\"color: #5d9021;\">Pasta<br \/>\n<span style=\"color: #000000;\">Oeschgen<\/span><\/span>[\/vc_column_text][\/vc_column][\/vc_row][vc_row][vc_column][vc_separator up=&#8220;20&#8243; down=&#8220;20&#8243;][\/vc_column][\/vc_row][vc_row][vc_column width=&#8220;1\/4&#8243;][vc_column_text]<\/p>\n<h5>Syydeb\u00e4ndel<\/h5>\n<p><span style=\"color: #5d9021;\">Weine<\/span><br \/>\nMaisprach<br \/>\n<a href=\"http:\/\/www.syydebaendel.ch\" target=\"_blank\" rel=\"noopener noreferrer\">Link<\/a>[\/vc_column_text][\/vc_column][vc_column width=&#8220;1\/4&#8243;][vc_column_text]<\/p>\n<h5>Dietisberg<\/h5>\n<p><span style=\"color: #5d9021;\">K\u00e4se, Joghurt, Butter, Eingemachtes, Bergmilch, Salatsauce<\/span><br \/>\nL\u00e4ufelfingen<br \/>\n<a href=\"http:\/\/dietisberg.ch\/werkbetrieb\/kaserei\/\" target=\"_blank\" rel=\"noopener noreferrer\">Link<\/a>[\/vc_column_text][\/vc_column][vc_column width=&#8220;1\/4&#8243;][vc_column_text]<\/p>\n<h5>Barbara &amp; Patrick Buess<\/h5>\n<p><span style=\"color: #5d9000;\">Trockenfleisch &amp; Wurstwaren<br \/>\n<\/span>Hof R\u00fctsche, Rothenfluh<br \/>\n<a href=\"https:\/\/www.facebook.com\/Fam-Buess-Hof-R\u00fctsche-Rothenfluh-1129488653738494\/?__xts__%5B0%5D=68.ARCu57McaCEPVec-_I-0Q0pm8dGwonbrA9hV8ldz5_rtiXUN3SAaQJDakxL_nFt7VDM1IjKhRq-thuS6ohcXqmQdP1dBR0ojzJSMOohxQGwigjbiEZgfM3RQt5i39iKP1jq-mfEsdhHI5FpKeO36DYuooELTNUOrlRmtjt2_cTfdrXoTN9jJe-Qgf8x6ZD9fU4HeDMH2Z4Wfd0t3Zd-8OQF3KByh_x6t6I1ymvycQhskNY97X8uZQ2X3kje4S6OSLF3suk2Wo2YqDvvqwzbBqEy-pQre6rYa21l10PYLO8Q4Oi9YlDpPdlDotBjepAvjY8bfMA-ZfYyKlw320uGrJ96hgIADaw199dxvRg\" target=\"_blank\" rel=\"noopener noreferrer\">Link<\/a>[\/vc_column_text][\/vc_column][vc_column width=&#8220;1\/4&#8243;][vc_column_text]<\/p>\n<h5>Familie Yvonne und Dominik Dettwiler<\/h5>\n<p><span style=\"color: #5d9000;\">\u00c4pfel, Birnen, Kartoffeln, S\u00fcssmost<\/span><br \/>\nBuus[\/vc_column_text][\/vc_column][\/vc_row][vc_row][vc_column][vc_separator up=&#8220;20&#8243; down=&#8220;20&#8243;][\/vc_column][\/vc_row][vc_row][vc_column width=&#8220;1\/4&#8243;][vc_column_text]<\/p>\n<h5>Posamenter, Bettina Aeberli<\/h5>\n<p><span style=\"color: #5d9021;\"><span style=\"caret-color: #5d9021;\">Produkte von Hochstamm-Zwetschgenb\u00e4umen<\/span><\/span><br \/>\nWenslingen<br \/>\n<a href=\"http:\/\/www.posamenter.ch\" target=\"_blank\" rel=\"noopener noreferrer\">Link<\/a>[\/vc_column_text][\/vc_column][vc_column width=&#8220;1\/4&#8243;][vc_column_text]<\/p>\n<h5>Mauri&#8217;s Salatsaucen<\/h5>\n<p><span style=\"color: #5d9021;\">Salatsauce<\/span><br \/>\nZunzgen<br \/>\n<a href=\"https:\/\/www.hirschen-salatsauce.ch\/\" target=\"_blank\" rel=\"noopener noreferrer\">Link<\/a>[\/vc_column_text][\/vc_column][vc_column width=&#8220;1\/4&#8243;][vc_column_text]<\/p>\n<h5>Gelati Gasparini<\/h5>\n<p><span style=\"color: #5d9021;\">Glac\u00e9<\/span><br \/>\nM\u00fcnchenstein<br \/>\n<a href=\"http:\/\/www.gasparini.ch\" target=\"_blank\" rel=\"noopener noreferrer\">Link<\/a>[\/vc_column_text][\/vc_column][\/vc_row][vc_row][vc_column][vc_separator up=&#8220;20&#8243; down=&#8220;20&#8243;][\/vc_column][\/vc_row][vc_row][vc_column width=&#8220;1\/4&#8243;][vc_column_text]<\/p>\n<h5>Bertschi-Caf\u00e9<\/h5>\n<p><span style=\"color: #5d9021;\">Fairtrade + Bio-Kaffee<\/span><br \/>\nBirsfelden<br \/>\n<a href=\"http:\/\/www.bertschi-cafe.ch\" target=\"_blank\" rel=\"noopener noreferrer\">Link<\/a>[\/vc_column_text][\/vc_column][vc_column width=&#8220;1\/4&#8243;][vc_column_text]<\/p>\n<h5>Weleda<\/h5>\n<p><span style=\"color: #5d9021;\">K\u00f6rperpflegeprodukte<\/span><br \/>\nArlesheim<br \/>\n<a href=\"http:\/\/www.weleda.ch\" target=\"_blank\" rel=\"noopener noreferrer\">Link<\/a>[\/vc_column_text][\/vc_column][vc_column width=&#8220;1\/4&#8243;][vc_column_text]<\/p>\n<h5>Andrea &amp; Mathias Mumenthaler<\/h5>\n<p><span style=\"color: #5d9021;\">Sonnenblumen\u00f6l<\/span><br \/>\nS\u00e4ge, Rothenfluh[\/vc_column_text][\/vc_column][vc_column width=&#8220;1\/4&#8243;][vc_column_text]<\/p>\n<h5>Familie Speiser<\/h5>\n<p><span style=\"color: #5d9021;\">Bio Aronia-Produkte<\/span><br \/>\nAeschbrunnhof, Anwil<br \/>\n<a href=\"http:\/\/www.speiser-anwil.ch\/html\/aroniabeeren\/aronia.html\" target=\"_blank\" rel=\"noopener noreferrer\">Link<\/a>[\/vc_column_text][\/vc_column][\/vc_row][vc_row][vc_column][vc_separator up=&#8220;20&#8243; down=&#8220;20&#8243;][\/vc_column][\/vc_row][vc_row][vc_column width=&#8220;1\/4&#8243;][vc_column_text]<\/p>\n<h5>Rita &amp; Rolf Schaffner<\/h5>\n<p><span style=\"color: #5d9021;\">Bio-Kartoffeln<\/span><br \/>\nReizacker, Anwil[\/vc_column_text][\/vc_column][vc_column width=&#8220;1\/4&#8243;][vc_column_text]<\/p>\n<h5>FIBL Frick<\/h5>\n<p><span style=\"color: #5d9021;\">Bioweine<\/span><br \/>\nFrick[\/vc_column_text][\/vc_column][vc_column width=&#8220;1\/4&#8243;][vc_column_text]<\/p>\n<h5>Angelika &amp; Stefan Itin-Haas<\/h5>\n<p><span style=\"color: #5d9000;\">Schafsk\u00e4se, Alpk\u00e4se<\/span><br \/>\nMettlihof, Maisprach<br \/>\n<a href=\"https:\/\/mettlihof.ch\" target=\"_blank\" rel=\"noopener noreferrer\">Link<\/a>[\/vc_column_text][\/vc_column][vc_column width=&#8220;1\/4&#8243;][vc_column_text]<\/p>\n<h5>Familie Herzog<\/h5>\n<p><span style=\"color: #5d9000;\">Div. R\u00fceblisorten, Randen, Randensalat fixfertig, Linsen<\/span>[\/vc_column_text][\/vc_column][\/vc_row][vc_row][vc_column][vc_separator up=&#8220;20&#8243; down=&#8220;20&#8243;][\/vc_column][\/vc_row][vc_row][vc_column width=&#8220;1\/4&#8243;][vc_column_text]<\/p>\n<h5>Christian Ritzmann<\/h5>\n<p><span style=\"color: #5d9000;\">Spargeln<\/span><br \/>\nGelterkinden[\/vc_column_text][\/vc_column][vc_column width=&#8220;1\/4&#8243;][vc_column_text]<\/p>\n<h5>Familie Beat Speiser<\/h5>\n<p><span style=\"color: #5d9000;\">Gem\u00fcse<\/span><br \/>\nAnwil[\/vc_column_text][\/vc_column][vc_column width=&#8220;1\/4&#8243;][vc_column_text]<\/p>\n<h5>Hofk\u00e4serei Nebiker<br \/>\nThomas Nebiker<\/h5>\n<p><span style=\"color: #5d9000;\">K\u00e4se \u00fcber offenem Feuer hergestellt<\/span><br \/>\nBuckten<br \/>\n<a href=\"https:\/\/www.facebook.com\/hofkaesereinebiker\/\" target=\"_blank\" rel=\"noopener noreferrer\">Link<\/a>[\/vc_column_text][\/vc_column][vc_column width=&#8220;1\/4&#8243;][vc_column_text]<\/p>\n<h5>Usem 3, Familien Schaffner<\/h5>\n<p><span style=\"color: #5d9000;\">Chiliflocken<\/span>[\/vc_column_text][\/vc_column][\/vc_row][vc_row][vc_column][vc_separator up=&#8220;20&#8243; down=&#8220;20&#8243;][\/vc_column][\/vc_row][vc_row][vc_column width=&#8220;1\/4&#8243;][vc_column_text]<\/p>\n<h5>Mineralquelle Eptingen<\/h5>\n<p><span style=\"color: #5d9021;\">Getr\u00e4nke<\/span><br \/>\nEptingen<br \/>\n<a href=\"https:\/\/www.eptinger.ch\" target=\"_blank\" rel=\"noopener noreferrer\">Link<\/a>[\/vc_column_text][\/vc_column][vc_column width=&#8220;1\/4&#8243;][vc_column_text]<\/p>\n<h5>Familie Schaffner<\/h5>\n<p><span style=\"color: #5d9000;\">S\u00fcssmost<\/span><br \/>\nAnwil[\/vc_column_text][\/vc_column][vc_column width=&#8220;1\/4&#8243;][vc_column_text]<\/p>\n<h5>K\u00fcng Martin, Nyffeler Thomas<\/h5>\n<p><span style=\"color: #5d9000;\">Honig<\/span><br \/>\nRothenfluh[\/vc_column_text][\/vc_column][vc_column width=&#8220;1\/4&#8243;][vc_column_text]<\/p>\n<h5>Sarah Gerber<\/h5>\n<p><span style=\"color: #5d9000;\">Weihnachtsgeb\u00e4ck<\/span><br \/>\nRothenfluh[\/vc_column_text][\/vc_column][\/vc_row][vc_row][vc_column][vc_separator up=&#8220;20&#8243; down=&#8220;20&#8243;][\/vc_column][\/vc_row][vc_row][vc_column][vc_empty_space height=&#8220;32&#8243;][vc_column_text]<\/p>\n<h2>Weitere Lieferanten<\/h2>\n<p>[\/vc_column_text][\/vc_column][\/vc_row][vc_row][vc_column][vc_separator down=&#8220;32&#8243;][\/vc_column][\/vc_row][vc_row][vc_column width=&#8220;1\/4&#8243;][vc_column_text]<\/p>\n<h5>Biovita<\/h5>\n<p><span style=\"color: #5d9021;\">Bio Cerealien<\/span><br \/>\nBirmensdorf<br \/>\n<a href=\"http:\/\/www.biovita.ch\" target=\"_blank\" rel=\"noopener noreferrer\">Link<\/a>[\/vc_column_text][\/vc_column][vc_column width=&#8220;1\/4&#8243;][vc_column_text]<\/p>\n<h5>Wyss Samen und Pflanzen<\/h5>\n<p><span style=\"color: #5d9021;\">select Blumen- und<br \/>\nGem\u00fcsesamen<\/span><br \/>\nZuchwil-Solothurn<br \/>\n<a href=\"http:\/\/www.samen.ch\" target=\"_blank\" rel=\"noopener noreferrer\">Link<\/a>[\/vc_column_text][\/vc_column][vc_column width=&#8220;1\/4&#8243;][vc_column_text]<\/p>\n<h5>Held<\/h5>\n<p><span style=\"color: #5d9021;\">Reinigung und Pflege<\/span><br \/>\nSteffisburg<br \/>\n<a href=\"http:\/\/www.held-clean.ch\" target=\"_blank\" rel=\"noopener noreferrer\">Link<\/a>[\/vc_column_text][\/vc_column][\/vc_row][vc_row][vc_column][vc_separator down=&#8220;32&#8243;][\/vc_column][\/vc_row][vc_row][vc_column width=&#8220;1\/4&#8243;][vc_column_text]<\/p>\n<h5>Gazzose Ticinesi SA<\/h5>\n<p><span style=\"color: #5d9021;\">Gazzose<\/span><br \/>\nPersonico<br \/>\n<a href=\"https:\/\/www.fizzy.ch\/de\/\" target=\"_blank\" rel=\"noopener noreferrer\">Link<\/a>[\/vc_column_text][\/vc_column][vc_column width=&#8220;1\/4&#8243;][vc_column_text]<\/p>\n<h5>Gazosa 1883<\/h5>\n<p><span style=\"color: #5d9021;\">Gazose<\/span><br \/>\nMendrisio<br \/>\n<a href=\"http:\/\/www.gazosa1883.ch\" target=\"_blank\" rel=\"noopener noreferrer\">Link<\/a>[\/vc_column_text][\/vc_column][vc_column width=&#8220;1\/4&#8243;][\/vc_column][vc_column width=&#8220;1\/4&#8243;][\/vc_column][\/vc_row][vc_row][vc_column][vc_separator down=&#8220;32&#8243;][\/vc_column][\/vc_row][vc_row][vc_column][vc_column_text css=&#8220;.vc_custom_1637521935624{padding-top: 20px !important;padding-right: 20px !important;padding-bottom: 20px !important;padding-left: 20px !important;background-color: #ffe923 !important;}&#8220;]<\/p>\n<h2>Holzofenbrot<\/h2>\n<p>Jeden Dienstag verkaufen wir Holzofenbrot, das in Rothenfluh und Anwil gebacken wird. Wir danken folgenden Personen f\u00fcr ihren Einsatz:<\/p>\n<div class='q_list circle circle_number'>\n<ul>\n<li>Susanne Ruckstuhl, Rothenfluh<\/li>\n<li>Christine Schaffner, Anwil<\/li>\n<\/ul>\n<p><\/div>[\/vc_column_text][\/vc_column][\/vc_row][vc_row][vc_column][vc_empty_space height=&#8220;50&#8243;][\/vc_column][\/vc_row]<\/p>\n<\/div>","protected":false},"excerpt":{"rendered":"<p>[vc_row][vc_column][vc_column_text] Prima, unser Dorfladen! [\/vc_column_text][\/vc_column][vc_column][vc_separator up=&#8220;0&#8243; down=&#8220;32&#8243;][\/vc_column][\/vc_row][vc_row][vc_column][vc_column_text css=&#8220;.vc_custom_1440444620369{padding-top: 0px !important;padding-right: 0px !important;padding-bottom: 0px !important;padding-left: 0px !important;}&#8220;] Prima, so heisst das Partnerkonzept von Volg. Die Partnerschaft erm\u00f6glicht der Chesi Rothenfluh, ihr Grundsortiment f\u00fcr den t\u00e4glichen Bedarf zu attraktiven Preisen zu beziehen. Davon profitieren Sie als Kundin&#8230;<\/p>\n","protected":false},"author":2,"featured_media":0,"parent":0,"menu_order":0,"comment_status":"open","ping_status":"open","template":"","meta":{"footnotes":""},"class_list":["post-13","page","type-page","status-publish","hentry"],"_links":{"self":[{"href":"https:\/\/chesi-rothenfluh.ch\/web\/wp-json\/wp\/v2\/pages\/13"}],"collection":[{"href":"https:\/\/chesi-rothenfluh.ch\/web\/wp-json\/wp\/v2\/pages"}],"about":[{"href":"https:\/\/chesi-rothenfluh.ch\/web\/wp-json\/wp\/v2\/types\/page"}],"author":[{"embeddable":true,"href":"https:\/\/chesi-rothenfluh.ch\/web\/wp-json\/wp\/v2\/users\/2"}],"replies":[{"embeddable":true,"href":"https:\/\/chesi-rothenfluh.ch\/web\/wp-json\/wp\/v2\/comments?post=13"}],"version-history":[{"count":84,"href":"https:\/\/chesi-rothenfluh.ch\/web\/wp-json\/wp\/v2\/pages\/13\/revisions"}],"predecessor-version":[{"id":480,"href":"https:\/\/chesi-rothenfluh.ch\/web\/wp-json\/wp\/v2\/pages\/13\/revisions\/480"}],"wp:attachment":[{"href":"https:\/\/chesi-rothenfluh.ch\/web\/wp-json\/wp\/v2\/media?parent=13"}],"curies":[{"name":"wp","href":"https:\/\/api.w.org\/{rel}","templated":true}]}}